{"id":90,"date":"2021-07-19T15:01:48","date_gmt":"2021-07-19T13:01:48","guid":{"rendered":"https:\/\/www.couventdetuani.com\/?page_id=90"},"modified":"2021-07-19T15:18:23","modified_gmt":"2021-07-19T13:18:23","slug":"localisation","status":"publish","type":"page","link":"https:\/\/www.couventdetuani.com\/index.php\/localisation\/","title":{"rendered":"Localisation"},"content":{"rendered":"\n<p>Le couvent de Tuani se situe pr\u00e8s de l\u2019Ile Rousse en Haute Corse.<\/p>\n\n\n\n<p>La r\u00e9gion de Balagne offre de magnifiques stations baln\u00e9aires mais aussi des paysages de collines fertiles, de coteaux rappelant la Toscane et une multitude de villages pittoresques charg\u00e9s d\u2019Histoire. Dominant la mer, le splendide ancien monast\u00e8re de Tuani, class\u00e9 ISMH (Inventaire suppl\u00e9mentaire des Monuments Historiques), s\u2019entoure d\u2019un jardin clos et arbor\u00e9, agr\u00e9ment\u00e9 d\u2019un bassin (poissons rouges) et d\u2019une fontaine&nbsp;; en son c\u0153ur un patio plant\u00e9 d\u2019agrumes. Vous y trouverez calme et s\u00e9r\u00e9nit\u00e9. <\/p>\n\n\n\n<p>Pour accueillir jusqu\u2019\u00e0 20 personnes il dispose de 16 chambres dont 6 avec lits en 140.<\/p>\n\n\n\n<p>Il y a une grande salle vout\u00e9e avec chemin\u00e9e, internet par la fibre optique et une TV (bouquet satellite).  <\/p>\n\n\n\n<p>Il poss\u00e8de aussi une grande cuisine parfaitement \u00e9quip\u00e9e , 3 salles de bain et une buanderie avec lave et s\u00e8che-linge. Le linge de maison est fourni. Il y a aussi des meubles de jardin et un \u00e9clairage ext\u00e9rieur.<\/p>\n\n\n\n<p>Tout pr\u00e8s de l\u00e0 vous pourrez profiter du golf du R\u00e9gino, de randonn\u00e9es \u00e9questres, tennis \u00e0 proximit\u00e9 (Ville di Paraso), et bien sur des plages situ\u00e9es \u00e0 un quart d\u2019heure de route (Lozari, l\u2019Ostriconi).<\/p>\n\n\n\n<p>Le couvent est situ\u00e9 dans le site Natura 2000 de la Vall\u00e9e du Regino, une zone de protection sp\u00e9ciale.<\/p>\n\n\n\n<p>La description de ce site est la suivante&nbsp;:<\/p>\n\n\n\n<p>La vall\u00e9e du Regino a fait l\u2019objet au d\u00e9but des ann\u00e9es 1990 d\u2019une inscription en Zone Importante pour la Conservation des Oiseaux ZICO CS08) en raison des fortes densit\u00e9s de Milans royaux rencontr\u00e9es (environ 50 couples). D\u2019autres esp\u00e8ces mentionn\u00e9es \u00e9galement \u00e0 l\u2019annexe 1 de la directive oiseaux sont pr\u00e9sentes de mani\u00e8re repr\u00e9sentative (voir liste). Ces esp\u00e8ces sont inscrites \u00e0 l\u2019annexe I de la directive oiseaux. On notera la densit\u00e9 exceptionnelle des couples d\u2019engoulevents d\u2019Europe (1\u00e0 4 couples\/10 ha). Les densit\u00e9s d\u2019Alouette lulu et de Pies gri\u00e8ches sont \u00e9galement remarquables. Par ailleurs, le site se pr\u00eate tr\u00e8s bien \u00e0 la pr\u00e9sence du Milan royal qui est probablement arriv\u00e9 avec les premiers \u00e9leveurs dans cette r\u00e9gion de \u2019\u2019bocage\u2019\u2019. Il s\u2019agit vraisemblablement des plus grosses densit\u00e9s de Milans royaux nicheurs connues en milieu insulaire. Le pastoralisme et l\u2019agriculture semi extensive favorisent cette esp\u00e8ce ainsi que d\u2019autres esp\u00e8ces de l\u2019annexe 1 ce qui explique les densit\u00e9s remarquables des diverses esp\u00e8ces. Les esp\u00e8ces d\u2019oiseaux du site ne font l\u2019objet d\u2019aucune gestion particuli\u00e8re&nbsp;; n\u00e9anmoins les pratiques agro-pastorales leur sont favorables. Le maintien des activit\u00e9s agricoles qui cr\u00e9ent une mosa\u00efque de milieux est donc un atout pour la pr\u00e9servation durable des esp\u00e8ces. Pour l\u2019avenir la p\u00e9rennisation du syst\u00e8me agro-pastoral est fondamental.<\/p>\n\n\n\n<p><\/p>\n","protected":false},"excerpt":{"rendered":"<p>Le couvent de Tuani se situe pr\u00e8s de l\u2019Ile Rousse en Haute Corse. La r\u00e9gion de Balagne offre de magnifiques stations baln\u00e9aires mais aussi des paysages de collines fertiles, de coteaux rappelant la Toscane et une multitude de villages pittoresques charg\u00e9s d\u2019Histoire. Dominant la mer, le splendide ancien monast\u00e8re de Tuani, class\u00e9 ISMH (Inventaire suppl\u00e9mentaire &hellip; <\/p>\n<p class=\"link-more\"><a href=\"https:\/\/www.couventdetuani.com\/index.php\/localisation\/\" class=\"more-link\">Continuer la lecture<span class=\"screen-reader-text\"> de &laquo;&nbsp;Localisation&nbsp;&raquo;<\/span><\/a><\/p>\n","protected":false},"author":1,"featured_media":79,"parent":0,"menu_order":0,"comment_status":"closed","ping_status":"closed","template":"","meta":{"footnotes":""},"class_list":["post-90","page","type-page","status-publish","has-post-thumbnail","hentry"],"_links":{"self":[{"href":"https:\/\/www.couventdetuani.com\/index.php\/wp-json\/wp\/v2\/pages\/90","targetHints":{"allow":["GET"]}}],"collection":[{"href":"https:\/\/www.couventdetuani.com\/index.php\/wp-json\/wp\/v2\/pages"}],"about":[{"href":"https:\/\/www.couventdetuani.com\/index.php\/wp-json\/wp\/v2\/types\/page"}],"author":[{"embeddable":true,"href":"https:\/\/www.couventdetuani.com\/index.php\/wp-json\/wp\/v2\/users\/1"}],"replies":[{"embeddable":true,"href":"https:\/\/www.couventdetuani.com\/index.php\/wp-json\/wp\/v2\/comments?post=90"}],"version-history":[{"count":2,"href":"https:\/\/www.couventdetuani.com\/index.php\/wp-json\/wp\/v2\/pages\/90\/revisions"}],"predecessor-version":[{"id":99,"href":"https:\/\/www.couventdetuani.com\/index.php\/wp-json\/wp\/v2\/pages\/90\/revisions\/99"}],"wp:featuredmedia":[{"embeddable":true,"href":"https:\/\/www.couventdetuani.com\/index.php\/wp-json\/wp\/v2\/media\/79"}],"wp:attachment":[{"href":"https:\/\/www.couventdetuani.com\/index.php\/wp-json\/wp\/v2\/media?parent=90"}],"curies":[{"name":"wp","href":"https:\/\/api.w.org\/{rel}","templated":true}]}}